{"id":12,"date":"2012-09-14T23:05:57","date_gmt":"2012-09-14T21:05:57","guid":{"rendered":"http:\/\/fortbildung.simonboettger.de\/?page_id=12"},"modified":"2018-10-06T13:27:58","modified_gmt":"2018-10-06T11:27:58","slug":"uber-mich","status":"publish","type":"page","link":"https:\/\/fortbildung.simonboettger.de\/?page_id=12","title":{"rendered":"\u00dcber mich"},"content":{"rendered":"<p>Ich m\u00f6chte in unregelm\u00e4\u00dfigen Abst\u00e4nden hier kurz neue Studienergebnisse im Bereich der Inneren Medizin und der Neurologie darstellen. Die medizinische Literatur \u00fcberflutet einen mit unz\u00e4hligen neuen Erkenntnissen, nicht jeder m\u00f6chte Fachartikel auf Englisch lesen. F\u00fcr mein eigenes Ged\u00e4chtnis und den einen oder anderen Kollegen m\u00f6chte ich hier eine kurze \u00dcbersicht \u00fcber die wichtigsten Neuerungen darstellen. Quellen sind im Wesentlichen das <a href=\"https:\/\/www.nejm.org\">New England Journal of Medicine<\/a> und der Newsletter <a title=\"EvidenceUpdates\" href=\"http:\/\/plus.mcmaster.ca\/EvidenceUpdates\/\">EvidenceUpdates<\/a>.<\/p>\n<p>Dr. med. Simon-Friedrich B\u00f6ttger<\/p>\n","protected":false},"excerpt":{"rendered":"<p>Ich m\u00f6chte in unregelm\u00e4\u00dfigen Abst\u00e4nden hier kurz neue Studienergebnisse im Bereich der Inneren Medizin und der Neurologie darstellen. Die medizinische Literatur \u00fcberflutet einen mit unz\u00e4hligen neuen Erkenntnissen, nicht jeder m\u00f6chte Fachartikel auf Englisch lesen. F\u00fcr mein eigenes Ged\u00e4chtnis und den &hellip; <a href=\"https:\/\/fortbildung.simonboettger.de\/?page_id=12\">Weiterlesen <span class=\"meta-nav\">&rarr;<\/span><\/a><\/p>\n","protected":false},"author":1,"featured_media":0,"parent":0,"menu_order":0,"comment_status":"closed","ping_status":"closed","template":"","meta":{"footnotes":""},"class_list":["post-12","page","type-page","status-publish","hentry"],"_links":{"self":[{"href":"https:\/\/fortbildung.simonboettger.de\/index.php?rest_route=\/wp\/v2\/pages\/12","targetHints":{"allow":["GET"]}}],"collection":[{"href":"https:\/\/fortbildung.simonboettger.de\/index.php?rest_route=\/wp\/v2\/pages"}],"about":[{"href":"https:\/\/fortbildung.simonboettger.de\/index.php?rest_route=\/wp\/v2\/types\/page"}],"author":[{"embeddable":true,"href":"https:\/\/fortbildung.simonboettger.de\/index.php?rest_route=\/wp\/v2\/users\/1"}],"replies":[{"embeddable":true,"href":"https:\/\/fortbildung.simonboettger.de\/index.php?rest_route=%2Fwp%2Fv2%2Fcomments&post=12"}],"version-history":[{"count":13,"href":"https:\/\/fortbildung.simonboettger.de\/index.php?rest_route=\/wp\/v2\/pages\/12\/revisions"}],"predecessor-version":[{"id":321,"href":"https:\/\/fortbildung.simonboettger.de\/index.php?rest_route=\/wp\/v2\/pages\/12\/revisions\/321"}],"wp:attachment":[{"href":"https:\/\/fortbildung.simonboettger.de\/index.php?rest_route=%2Fwp%2Fv2%2Fmedia&parent=12"}],"curies":[{"name":"wp","href":"https:\/\/api.w.org\/{rel}","templated":true}]}}